{"id":2594,"date":"2014-03-15T20:09:11","date_gmt":"2014-03-15T19:09:11","guid":{"rendered":"http:\/\/svhuesten09.de\/web\/?page_id=2594"},"modified":"2015-04-20T18:45:44","modified_gmt":"2015-04-20T16:45:44","slug":"vereinsheim","status":"publish","type":"page","link":"https:\/\/svhuesten09.de\/web\/vereinsheim\/","title":{"rendered":"Verl\u00e4ngerung"},"content":{"rendered":"<p>Herzlich willkommen in der &#8222;Verl\u00e4ngerung&#8220;, dem Vereinsheim des SV H\u00fcsten 09. Die &#8222;Verl\u00e4ngerung&#8220; befindet sich r\u00e4umlich harmonisch im Stadion Gro\u00dfe Wiese integriert und bietet den Blick auf die beiden Nebenpl\u00e4tze des Vereins. Nach Spielende oder auch in der Halbzeitpause ist es ein kurzer Weg zur gem\u00fctlichen Einkehr nach dem Sport.<\/p>\n<p>Mit bis zu vierzig Sitzpl\u00e4tzen und einer zus\u00e4tzlichen Theke finden in der &#8222;Verl\u00e4ngerung&#8220; viele G\u00e4ste bequem Platz.\u00a0Im Jahr 2014 wurde das Vereinsheim des SV H\u00fcsten 09 dazu grundlegend renoviert, modernisiert und um eine moderne K\u00fcche erweitert.<\/p>\n<p>Wir &#8211; das sind Alma und Jochen Grebe &#8211; bieten Ihnen traditionelle Gerichte in moderner, kreativer Geschmacksvielfalt. Wir laden Sie herzlich ein, in wohlf\u00fchlender Atmosph\u00e4re den Sporttag im Stadion Gro\u00dfe zu genie\u00dfen.<\/p>\n<p><strong>\u00d6ffnungszeiten<\/strong><br \/>\nDienstag bis Freitag ab 17:00 Uhr<br \/>\nSamstags und Sonntags bei Spielbetrieb<br \/>\nMontags Ruhetag<\/p>\n<p><strong>Impressionen<\/strong><\/p>\n<div\n\tclass=\"ngg-galleryoverview ngg-ajax-pagination-none\"\n\tid=\"ngg-gallery-be684ad7b759e423f6c98cad15732250-1\">\n\n    \t\t<!-- Thumbnails -->\n\t\t\t\t<div id=\"ngg-image-0\" class=\"ngg-gallery-thumbnail-box\" >\n\t\t\t\t        <div class=\"ngg-gallery-thumbnail\">\n            <a href=\"https:\/\/svhuesten09.de\/web\/wp-content\/gallery\/vereinsheim-impressionen\/01.jpg\"\n               title=\"\"\n               data-src=\"https:\/\/svhuesten09.de\/web\/wp-content\/gallery\/vereinsheim-impressionen\/01.jpg\"\n               data-thumbnail=\"https:\/\/svhuesten09.de\/web\/wp-content\/gallery\/vereinsheim-impressionen\/thumbs\/thumbs_01.jpg\"\n               data-image-id=\"61\"\n               data-title=\"01\"\n               data-description=\"\"\n               data-image-slug=\"01-2\"\n               class=\"ngg-fancybox\" rel=\"be684ad7b759e423f6c98cad15732250\">\n                <img\n                    title=\"01\"\n                    alt=\"01\"\n                    src=\"https:\/\/svhuesten09.de\/web\/wp-content\/gallery\/vereinsheim-impressionen\/thumbs\/thumbs_01.jpg\"\n                    width=\"120\"\n                    height=\"90\"\n                    style=\"max-width:100%;\"\n                \/>\n            <\/a>\n        <\/div>\n\t\t\t\t\t\t\t<\/div> \n\t\t\t\n        \n\t\t\t\t<div id=\"ngg-image-1\" class=\"ngg-gallery-thumbnail-box\" >\n\t\t\t\t        <div class=\"ngg-gallery-thumbnail\">\n            <a href=\"https:\/\/svhuesten09.de\/web\/wp-content\/gallery\/vereinsheim-impressionen\/02.jpg\"\n               title=\"\"\n               data-src=\"https:\/\/svhuesten09.de\/web\/wp-content\/gallery\/vereinsheim-impressionen\/02.jpg\"\n               data-thumbnail=\"https:\/\/svhuesten09.de\/web\/wp-content\/gallery\/vereinsheim-impressionen\/thumbs\/thumbs_02.jpg\"\n               data-image-id=\"62\"\n               data-title=\"02\"\n               data-description=\"\"\n               data-image-slug=\"02-3\"\n               class=\"ngg-fancybox\" rel=\"be684ad7b759e423f6c98cad15732250\">\n                <img\n                    title=\"02\"\n                    alt=\"02\"\n                    src=\"https:\/\/svhuesten09.de\/web\/wp-content\/gallery\/vereinsheim-impressionen\/thumbs\/thumbs_02.jpg\"\n                    width=\"120\"\n                    height=\"90\"\n                    style=\"max-width:100%;\"\n                \/>\n            <\/a>\n        <\/div>\n\t\t\t\t\t\t\t<\/div> \n\t\t\t\n        \n\t\t\t\t<div id=\"ngg-image-2\" class=\"ngg-gallery-thumbnail-box\" >\n\t\t\t\t        <div class=\"ngg-gallery-thumbnail\">\n            <a href=\"https:\/\/svhuesten09.de\/web\/wp-content\/gallery\/vereinsheim-impressionen\/03.jpg\"\n               title=\"\"\n               data-src=\"https:\/\/svhuesten09.de\/web\/wp-content\/gallery\/vereinsheim-impressionen\/03.jpg\"\n               data-thumbnail=\"https:\/\/svhuesten09.de\/web\/wp-content\/gallery\/vereinsheim-impressionen\/thumbs\/thumbs_03.jpg\"\n               data-image-id=\"63\"\n               data-title=\"03\"\n               data-description=\"\"\n               data-image-slug=\"03-2\"\n               class=\"ngg-fancybox\" rel=\"be684ad7b759e423f6c98cad15732250\">\n                <img\n                    title=\"03\"\n                    alt=\"03\"\n                    src=\"https:\/\/svhuesten09.de\/web\/wp-content\/gallery\/vereinsheim-impressionen\/thumbs\/thumbs_03.jpg\"\n                    width=\"120\"\n                    height=\"90\"\n                    style=\"max-width:100%;\"\n                \/>\n            <\/a>\n        <\/div>\n\t\t\t\t\t\t\t<\/div> \n\t\t\t\n        \n\t\t\t\t<div id=\"ngg-image-3\" class=\"ngg-gallery-thumbnail-box\" >\n\t\t\t\t        <div class=\"ngg-gallery-thumbnail\">\n            <a href=\"https:\/\/svhuesten09.de\/web\/wp-content\/gallery\/vereinsheim-impressionen\/04.jpg\"\n               title=\"\"\n               data-src=\"https:\/\/svhuesten09.de\/web\/wp-content\/gallery\/vereinsheim-impressionen\/04.jpg\"\n               data-thumbnail=\"https:\/\/svhuesten09.de\/web\/wp-content\/gallery\/vereinsheim-impressionen\/thumbs\/thumbs_04.jpg\"\n               data-image-id=\"64\"\n               data-title=\"04\"\n               data-description=\"\"\n               data-image-slug=\"04-3\"\n               class=\"ngg-fancybox\" rel=\"be684ad7b759e423f6c98cad15732250\">\n                <img\n                    title=\"04\"\n                    alt=\"04\"\n                    src=\"https:\/\/svhuesten09.de\/web\/wp-content\/gallery\/vereinsheim-impressionen\/thumbs\/thumbs_04.jpg\"\n                    width=\"120\"\n                    height=\"90\"\n                    style=\"max-width:100%;\"\n                \/>\n            <\/a>\n        <\/div>\n\t\t\t\t\t\t\t<\/div> \n\t\t\t\n        \n\t\t\n\t\t<!-- Pagination -->\n\t<div class='ngg-clear'><\/div>\t<\/div>\n\n","protected":false},"excerpt":{"rendered":"<p>Herzlich willkommen in der &#8222;Verl\u00e4ngerung&#8220;, dem Vereinsheim des SV H\u00fcsten 09. Die &#8222;Verl\u00e4ngerung&#8220; befindet sich r\u00e4umlich harmonisch im Stadion Gro\u00dfe Wiese integriert und bietet den Blick auf die beiden Nebenpl\u00e4tze des Vereins. Nach Spielende oder auch in der Halbzeitpause ist es ein kurzer Weg zur gem\u00fctlichen Einkehr nach dem Sport. Mit bis zu vierzig Sitzpl\u00e4tzen [&hellip;]<\/p>\n","protected":false},"author":5,"featured_media":2834,"parent":0,"menu_order":0,"comment_status":"closed","ping_status":"closed","template":"","meta":[],"_links":{"self":[{"href":"https:\/\/svhuesten09.de\/web\/wp-json\/wp\/v2\/pages\/2594"}],"collection":[{"href":"https:\/\/svhuesten09.de\/web\/wp-json\/wp\/v2\/pages"}],"about":[{"href":"https:\/\/svhuesten09.de\/web\/wp-json\/wp\/v2\/types\/page"}],"author":[{"embeddable":true,"href":"https:\/\/svhuesten09.de\/web\/wp-json\/wp\/v2\/users\/5"}],"replies":[{"embeddable":true,"href":"https:\/\/svhuesten09.de\/web\/wp-json\/wp\/v2\/comments?post=2594"}],"version-history":[{"count":12,"href":"https:\/\/svhuesten09.de\/web\/wp-json\/wp\/v2\/pages\/2594\/revisions"}],"predecessor-version":[{"id":6758,"href":"https:\/\/svhuesten09.de\/web\/wp-json\/wp\/v2\/pages\/2594\/revisions\/6758"}],"wp:featuredmedia":[{"embeddable":true,"href":"https:\/\/svhuesten09.de\/web\/wp-json\/wp\/v2\/media\/2834"}],"wp:attachment":[{"href":"https:\/\/svhuesten09.de\/web\/wp-json\/wp\/v2\/media?parent=2594"}],"curies":[{"name":"wp","href":"https:\/\/api.w.org\/{rel}","templated":true}]}}