{"id":3777,"date":"2014-05-28T19:04:07","date_gmt":"2014-05-28T17:04:07","guid":{"rendered":"http:\/\/svhuesten09.de\/web\/?page_id=3777"},"modified":"2014-06-26T17:18:06","modified_gmt":"2014-06-26T15:18:06","slug":"kunstrasen","status":"publish","type":"page","link":"https:\/\/svhuesten09.de\/web\/kunstrasen\/","title":{"rendered":"Kunstrasen"},"content":{"rendered":"<p><img decoding=\"async\" src=\"http:\/\/svhuesten09.de\/web\/wp-content\/uploads\/2014\/05\/spendenbarometer-ueberschrift.jpg\" alt=\"spendenbarometer-ueberschrift\" class=\"alignright\" \/><strong>An alle Mitglieder, Freunde und F\u00f6rderer des SV H\u00fcsten 09 e.V.!<\/strong><br \/>\n<img decoding=\"async\" loading=\"lazy\" border=\"0\" class=\"alignright\" alt=\"\" width=\"195\" height=\"495\" usemap=\"#Spendenbarometer\" src=\"http:\/\/svhuesten09.de\/web\/wp-content\/uploads\/2014\/05\/spendenbarometer.jpg\" \/><\/p>\n<map name=\"Spendenbarometer\">\n<area title=\"\" shape=\"rect\" alt=\"\" coords=\"0,483,163,491\" href=\"http:\/\/thisismyurl.com\/\" target=\"_blank\"\/><\/map>\n<p>Der Vorstand und das Kunstrasengremium geben nun den ordentlichen Startschuss zur gro\u00dfen Spendensammelaktion f\u00fcr das Projekt &#8222;Kunstrasenbau am Stadion Gro\u00dfe Wiese in H\u00fcsten&#8220;. Wir m\u00f6chten Sie und Euch daher nun bitten, uns durch Ihre\/Eure Spenden bei der Beteiligung an der Finanzierung zu unterst\u00fctzen. Schon ab einer Spendenh\u00f6he von 10,00 \u20ac seid Ihr dabei und helft bei dem gro\u00dfen Ziel.<\/p>\n<p>Wir werden in regelm\u00e4\u00dfigen Abst\u00e4nden \u00fcber den Stand der Spenden auf unserer Internetseite berichten. Auf Wunsch werden wir Ihren\/Euren Namen oder Ihre Firma im Internet ver\u00f6ffentlichen. Wir w\u00fcrden uns freuen, wenn sich recht viele Mitglieder, Freunde und F\u00f6rderer des SV H\u00fcsten 09 e.V. bereit erkl\u00e4ren w\u00fcrden, unsere Initiative zu unterst\u00fctzen.<\/p>\n<p>Vielen Dank auf diesem Wege schon jetzt an alle Spenderinnen und Spender f\u00fcr Ihre\/Eure gro\u00dfz\u00fcgige Unterst\u00fctzung. Ab sofort k\u00f6nnen Sie\/Ihr Spenden auf unser eingerichtetes Spendenkonto einzahlen.<\/p>\n<p>Spenden Sie\/Ihr <a href=\"http:\/\/www.svhuesten09.de\/parzellenspende.html\" target=\"_blank\"><strong>HIER<\/strong><\/a> f\u00fcr Ihre\/Eure Parzelle(n). Anschlie\u00dfend erhalten Sie\/Ihr innerhalb von 24 Stunden eine Best\u00e4tigungsmail und es kann der Spendenbetrag an folgendes Spendenkonto gesendet werden:<\/p>\n<p><strong>Sparkasse Arnsberg-Sundern<\/strong><br \/>\n<strong>IBAN:<\/strong> DE82466500050002024974<br \/>\n<strong>BIC:<\/strong> WELADED1ARN<br \/>\n<strong>Verwendungszweck:<\/strong> Spende Kunstrasenprojekt SV H\u00fcsten 09<\/p>\n<p>Au\u00dferdem haben Sie die M\u00f6glichkeit, per Dauerauftrag zu spenden. Klicken Sie dazu bitte <strong><a href=\"http:\/\/www.svhuesten09.de\/dauerauftrag-spende.html\" target=\"_blank\">HIER<\/a><\/strong>!<\/p>\n<p><strong>Alle Parzellen in der \u00dcbersicht:<\/strong><\/p>\n<p><span class=\"MagicToolboxContainer  alignnone\"><a class=\"MagicZoom\" id=\"\" href=\"http:\/\/svhuesten09.de\/web\/wp-content\/uploads\/2014\/05\/kunstrasen-preise.jpg\" rel=\" class=\"MagicZoom\" href=\"http:\/\/svhuesten09.de\/web\/wp-content\/uploads\/2014\/05\/kunstrasen-preise.jpg\"\"><img itemprop=\"image\" src=\"http:\/\/svhuesten09.de\/web\/wp-content\/uploads\/2014\/05\/kunstrasen-preise-klein.jpg\" alt=\"\" \/><\/a><br \/><span class=\"MagicToolboxMessage\">Fahren Sie mit der Maus \u00fcber den Kunstrasenplatz. Rechts neben dem Kunstrasenplatz wird der Ausschnittsbereich, wo Sie sich gerade mit der Maus befinden, vergr\u00f6\u00dfert! Wenden Sie sich bei Fragen per E-Mail an den Webmaster (<a href=\\\"mailto:info@schulte-internetgestaltung\\\">info[at]schulte-internetgestaltung.de<\/a>)!<\/span><\/span><\/p>\n","protected":false},"excerpt":{"rendered":"<p>An alle Mitglieder, Freunde und F\u00f6rderer des SV H\u00fcsten 09 e.V.! Der Vorstand und das Kunstrasengremium geben nun den ordentlichen Startschuss zur gro\u00dfen Spendensammelaktion f\u00fcr das Projekt &#8222;Kunstrasenbau am Stadion Gro\u00dfe Wiese in H\u00fcsten&#8220;. Wir m\u00f6chten Sie und Euch daher nun bitten, uns durch Ihre\/Eure Spenden bei der Beteiligung an der Finanzierung zu unterst\u00fctzen. Schon [&hellip;]<\/p>\n","protected":false},"author":5,"featured_media":0,"parent":0,"menu_order":0,"comment_status":"closed","ping_status":"closed","template":"page-onecolumn.php","meta":[],"_links":{"self":[{"href":"https:\/\/svhuesten09.de\/web\/wp-json\/wp\/v2\/pages\/3777"}],"collection":[{"href":"https:\/\/svhuesten09.de\/web\/wp-json\/wp\/v2\/pages"}],"about":[{"href":"https:\/\/svhuesten09.de\/web\/wp-json\/wp\/v2\/types\/page"}],"author":[{"embeddable":true,"href":"https:\/\/svhuesten09.de\/web\/wp-json\/wp\/v2\/users\/5"}],"replies":[{"embeddable":true,"href":"https:\/\/svhuesten09.de\/web\/wp-json\/wp\/v2\/comments?post=3777"}],"version-history":[{"count":58,"href":"https:\/\/svhuesten09.de\/web\/wp-json\/wp\/v2\/pages\/3777\/revisions"}],"predecessor-version":[{"id":4088,"href":"https:\/\/svhuesten09.de\/web\/wp-json\/wp\/v2\/pages\/3777\/revisions\/4088"}],"wp:attachment":[{"href":"https:\/\/svhuesten09.de\/web\/wp-json\/wp\/v2\/media?parent=3777"}],"curies":[{"name":"wp","href":"https:\/\/api.w.org\/{rel}","templated":true}]}}