{"id":667,"date":"2014-01-25T11:50:59","date_gmt":"2014-01-25T10:50:59","guid":{"rendered":"http:\/\/svhuesten09.de\/web\/?page_id=667"},"modified":"2020-09-22T09:37:33","modified_gmt":"2020-09-22T07:37:33","slug":"u17","status":"publish","type":"page","link":"https:\/\/svhuesten09.de\/web\/u17\/","title":{"rendered":"U17 (B1)"},"content":{"rendered":"<section class=\"staff\">\n\t\t\t<h3>Trainerstab<\/h3><article class=\"post-row clearfix\"><div class=\"post-thumbnail\"><img width=\"150\" height=\"150\" src=\"https:\/\/svhuesten09.de\/web\/wp-content\/uploads\/2020\/09\/marco-grebe2021-150x150.jpg\" class=\"attachment-thumbnail size-thumbnail wp-post-image\" alt=\"\" decoding=\"async\" loading=\"lazy\" title=\"Marco Grebe\" srcset=\"https:\/\/svhuesten09.de\/web\/wp-content\/uploads\/2020\/09\/marco-grebe2021-150x150.jpg 150w, https:\/\/svhuesten09.de\/web\/wp-content\/uploads\/2020\/09\/marco-grebe2021-300x300.jpg 300w, https:\/\/svhuesten09.de\/web\/wp-content\/uploads\/2020\/09\/marco-grebe2021-288x288.jpg 288w, https:\/\/svhuesten09.de\/web\/wp-content\/uploads\/2020\/09\/marco-grebe2021-100x100.jpg 100w, https:\/\/svhuesten09.de\/web\/wp-content\/uploads\/2020\/09\/marco-grebe2021-50x50.jpg 50w, https:\/\/svhuesten09.de\/web\/wp-content\/uploads\/2020\/09\/marco-grebe2021-25x25.jpg 25w, https:\/\/svhuesten09.de\/web\/wp-content\/uploads\/2020\/09\/marco-grebe2021-320x320.jpg 320w, https:\/\/svhuesten09.de\/web\/wp-content\/uploads\/2020\/09\/marco-grebe2021-120x120.jpg 120w, https:\/\/svhuesten09.de\/web\/wp-content\/uploads\/2020\/09\/marco-grebe2021.jpg 500w\" sizes=\"(max-width: 150px) 100vw, 150px\" \/><\/div><div class=\"staff-post\">\n\t\t\t\t<h2 class=\"entry-title\">Marco Grebe<\/h2>\n\t\t\t\t<div class=\"entry-summary\"><table><tbody><\/tbody><\/table><p><strong>Trainer<\/strong><br \/>\nTel.: 0160 \/ 151 81 01<br \/>\nE-Mail: <a href=\"mailto:mg278@gmx.de\">mg278@gmx.de<\/a><\/p>\n<\/div><\/div>\n\t\t\t<div class=\"clear\"><\/div>\n\t\t\t<\/article><article class=\"post-row clearfix\"><div class=\"post-thumbnail\"><img width=\"150\" height=\"150\" src=\"https:\/\/svhuesten09.de\/web\/wp-content\/uploads\/2020\/09\/thomas-vogt2021-150x150.jpg\" class=\"attachment-thumbnail size-thumbnail wp-post-image\" alt=\"\" decoding=\"async\" loading=\"lazy\" title=\"Thomas Vogt\" srcset=\"https:\/\/svhuesten09.de\/web\/wp-content\/uploads\/2020\/09\/thomas-vogt2021-150x150.jpg 150w, https:\/\/svhuesten09.de\/web\/wp-content\/uploads\/2020\/09\/thomas-vogt2021-300x300.jpg 300w, https:\/\/svhuesten09.de\/web\/wp-content\/uploads\/2020\/09\/thomas-vogt2021-288x288.jpg 288w, https:\/\/svhuesten09.de\/web\/wp-content\/uploads\/2020\/09\/thomas-vogt2021-100x100.jpg 100w, https:\/\/svhuesten09.de\/web\/wp-content\/uploads\/2020\/09\/thomas-vogt2021-50x50.jpg 50w, https:\/\/svhuesten09.de\/web\/wp-content\/uploads\/2020\/09\/thomas-vogt2021-25x25.jpg 25w, https:\/\/svhuesten09.de\/web\/wp-content\/uploads\/2020\/09\/thomas-vogt2021-320x320.jpg 320w, https:\/\/svhuesten09.de\/web\/wp-content\/uploads\/2020\/09\/thomas-vogt2021-120x120.jpg 120w, https:\/\/svhuesten09.de\/web\/wp-content\/uploads\/2020\/09\/thomas-vogt2021.jpg 500w\" sizes=\"(max-width: 150px) 100vw, 150px\" \/><\/div><div class=\"staff-post\">\n\t\t\t\t<h2 class=\"entry-title\">Thomas Vogt<\/h2>\n\t\t\t\t<div class=\"entry-summary\"><table><tbody><\/tbody><\/table><p><strong>Co-Trainer<\/strong><\/p>\n<\/div><\/div>\n\t\t\t<div class=\"clear\"><\/div>\n\t\t\t<\/article><article class=\"post-row clearfix last\"><div class=\"post-thumbnail\"><img width=\"150\" height=\"150\" src=\"https:\/\/svhuesten09.de\/web\/wp-content\/uploads\/2020\/09\/timo-juergens2021-150x150.jpg\" class=\"attachment-thumbnail size-thumbnail wp-post-image\" alt=\"\" decoding=\"async\" loading=\"lazy\" title=\"Timo J\u00fcrgens\" srcset=\"https:\/\/svhuesten09.de\/web\/wp-content\/uploads\/2020\/09\/timo-juergens2021-150x150.jpg 150w, https:\/\/svhuesten09.de\/web\/wp-content\/uploads\/2020\/09\/timo-juergens2021-300x300.jpg 300w, https:\/\/svhuesten09.de\/web\/wp-content\/uploads\/2020\/09\/timo-juergens2021-288x288.jpg 288w, https:\/\/svhuesten09.de\/web\/wp-content\/uploads\/2020\/09\/timo-juergens2021-100x100.jpg 100w, https:\/\/svhuesten09.de\/web\/wp-content\/uploads\/2020\/09\/timo-juergens2021-50x50.jpg 50w, https:\/\/svhuesten09.de\/web\/wp-content\/uploads\/2020\/09\/timo-juergens2021-25x25.jpg 25w, https:\/\/svhuesten09.de\/web\/wp-content\/uploads\/2020\/09\/timo-juergens2021-320x320.jpg 320w, https:\/\/svhuesten09.de\/web\/wp-content\/uploads\/2020\/09\/timo-juergens2021-120x120.jpg 120w, https:\/\/svhuesten09.de\/web\/wp-content\/uploads\/2020\/09\/timo-juergens2021.jpg 500w\" sizes=\"(max-width: 150px) 100vw, 150px\" \/><\/div><div class=\"staff-post\">\n\t\t\t\t<h2 class=\"entry-title\">Timo J\u00fcrgens<\/h2>\n\t\t\t\t<div class=\"entry-summary\"><table><tbody><\/tbody><\/table><p><strong>Co-Trainer<\/strong><\/p>\n<\/div><\/div>\n\t\t\t<div class=\"clear\"><\/div>\n\t\t\t<\/article><\/section>\n<p><strong>Trainingszeiten:<\/strong><br \/>\nMontags, 18:15 Uhr &#8211; 19:15 Uhr, Stadion Gro\u00dfe Wiese<br \/>\nDienstags, 17:45 Uhr &#8211; 19:15 Uhr, Stadion Gro\u00dfe Wiese<br \/>\nFreitags, 17:45 Uhr &#8211; 19:15 Uhr, Stadion Gro\u00dfe Wiese<\/p>\n","protected":false},"excerpt":{"rendered":"<p>Trainingszeiten: Montags, 18:15 Uhr &#8211; 19:15 Uhr, Stadion Gro\u00dfe Wiese Dienstags, 17:45 Uhr &#8211; 19:15 Uhr, Stadion Gro\u00dfe Wiese Freitags, 17:45 Uhr &#8211; 19:15 Uhr, Stadion Gro\u00dfe Wiese<\/p>\n","protected":false},"author":5,"featured_media":13020,"parent":0,"menu_order":0,"comment_status":"closed","ping_status":"closed","template":"","meta":[],"_links":{"self":[{"href":"https:\/\/svhuesten09.de\/web\/wp-json\/wp\/v2\/pages\/667"}],"collection":[{"href":"https:\/\/svhuesten09.de\/web\/wp-json\/wp\/v2\/pages"}],"about":[{"href":"https:\/\/svhuesten09.de\/web\/wp-json\/wp\/v2\/types\/page"}],"author":[{"embeddable":true,"href":"https:\/\/svhuesten09.de\/web\/wp-json\/wp\/v2\/users\/5"}],"replies":[{"embeddable":true,"href":"https:\/\/svhuesten09.de\/web\/wp-json\/wp\/v2\/comments?post=667"}],"version-history":[{"count":19,"href":"https:\/\/svhuesten09.de\/web\/wp-json\/wp\/v2\/pages\/667\/revisions"}],"predecessor-version":[{"id":13022,"href":"https:\/\/svhuesten09.de\/web\/wp-json\/wp\/v2\/pages\/667\/revisions\/13022"}],"wp:featuredmedia":[{"embeddable":true,"href":"https:\/\/svhuesten09.de\/web\/wp-json\/wp\/v2\/media\/13020"}],"wp:attachment":[{"href":"https:\/\/svhuesten09.de\/web\/wp-json\/wp\/v2\/media?parent=667"}],"curies":[{"name":"wp","href":"https:\/\/api.w.org\/{rel}","templated":true}]}}