{"id":6754,"date":"2015-04-20T18:36:15","date_gmt":"2015-04-20T16:36:15","guid":{"rendered":"http:\/\/svhuesten09.de\/web\/?page_id=6754"},"modified":"2017-07-10T10:06:23","modified_gmt":"2017-07-10T08:06:23","slug":"stadion-grosse-wiese-mit-integriertem-kunstrasenplatz","status":"publish","type":"page","link":"https:\/\/svhuesten09.de\/web\/stadion-grosse-wiese-mit-integriertem-kunstrasenplatz\/","title":{"rendered":"Stadion Gro\u00dfe Wiese mit integriertem Kunstrasenplatz"},"content":{"rendered":"<p>Die sportliche Heimat des SV H\u00fcsten 09 ist das Stadion Gro\u00dfe Wiese, mit der Anschrift Klosfuhr und seinem wunderbar gepflegten Rasenplatz. Das Stadion Gro\u00dfe Wiese hat eine Kapazit\u00e4t f\u00fcr insgesamt 13.000 Zuschauer, wobei die Trib\u00fcne alleine ein Fassungsverm\u00f6gen f\u00fcr 3.000 Zuschauer hat.<\/p>\n<p>Mit dem Beginn der Saison 1978\/79 konnte der damalige Amateur-Oberligist und Altmeister H\u00fcsten 09 das Stadion erstmalig nutzen. Die legend\u00e4re alte Kampfbahn H\u00fcsten Ost, in der bis zur Verbandsliga Fu\u00dfball gespielt wurde, befand sich auf dem Platz, an der sich heute die Polizeistation in H\u00fcsten befindet.<\/p>\n<p>Das Stadion Gro\u00dfe Wiese und sein Rasenplatz wird von der ersten Mannschaft des SV H\u00fcsten 09 bei den Heimspielen und seinen Jugendteams genutzt. Viele, viele Fussball-Bundesligisten, die seit dem Bau des Stadions in H\u00fcsten ihre Vorbereitungsspiele absolviert haben, loben die Qualit\u00e4t dieser wunderbaren Sportst\u00e4tte und des Rasenplatzes. Die sechsspurige Laufbahn, die den Rasenplatz umgibt, wird von den Leichtathleten der LAC Veltins Hochsauerland genutzt, die ebenfalls als Nutzer des Stadions Gro\u00dfe Wiese fungieren. Zum Stadion Gro\u00dfe Wiese geh\u00f6ren au\u00dferdem seit 1981 zwei Tennenpl\u00e4tze, welche auch vom SV H\u00fcsten 09 und seiner gro\u00dfen Jugendabteilung f\u00fcr Trainings- und Spielbetrieb genutzt werden.<\/p>\n<p>Im Jahre 2014 wurde ein Tennenplatz mit gro\u00dfen finanziellen Aufwand des SV H\u00fcsten 09 in einen Kunstrasenplatz umgewandelt und somit in die wunderbare Stadionanlage Gro\u00dfe Wiese und seinem angrenzenden Solepark integriert. Der Kunstrasenplatz wurde von den Firmen Driller und Greenfields erstellt. Der Bezeichnung des Kunstrasens ist Evolution XQ 60. Auch die Senioren- und die Jugendmannschaften im besonderen Ma\u00dfe haben jetzt hervorragende Voraussetzungen durch diese Sportst\u00e4tte, in Verbindung mit dem Stadion Gro\u00dfe Wiese. Im Zuge des Kunstrasenplatzbaus hat auch die Fassade des Vereinsheims des SV H\u00fcsten 09 in 2014 einen Neuanstrich bekommen. Der Kunstrasenplatz wurde am 05. Oktober 2014 seiner Benutzung \u00fcbergeben und am 18. April 2015 mit allen Vereinen des Heimatkreises H\u00fcsten eingeweiht.<\/p>\n<p>Die Sportst\u00e4tte Stadion Gro\u00dfe Wiese mit integriertem Kunstrasenplatz, dem Tennenplatz, dem Freizeitbad Nass, den Kneippanlagen und seinem Solepark ist eine Wohlf\u00fchloase, die einzigartig im Sauerland ist und seines Gleichen sucht.<\/p>\n<p><em><strong>Foto:<\/strong> Joachim Krutmann<\/em><\/p>\n<p><strong>360\u00b0-Aufnahme des Stadions Gro\u00dfe Wiese:<\/strong><br \/>\n<iframe loading=\"lazy\" style=\"border: 0;\" src=\"https:\/\/www.google.com\/maps\/embed?pb=!1m0!4v1499673533094!6m8!1m7!1sF%3A-PI19ciYLsl0%2FWWIIA0vCFDI%2FAAAAAAAAef0%2Fl7py9zct1TM4o3Y_DxrwdukOdpu_xOu0QCJkCGAYYCw!2m2!1d51.43015191089339!2d8.007806377424556!3f62.53!4f-26.380000000000003!5f0.7820865974627469\" width=\"950\" height=\"600\" frameborder=\"0\" allowfullscreen=\"allowfullscreen\"><\/iframe><\/p>\n","protected":false},"excerpt":{"rendered":"<p>Die sportliche Heimat des SV H\u00fcsten 09 ist das Stadion Gro\u00dfe Wiese, mit der Anschrift Klosfuhr und seinem wunderbar gepflegten Rasenplatz. Das Stadion Gro\u00dfe Wiese hat eine Kapazit\u00e4t f\u00fcr insgesamt 13.000 Zuschauer, wobei die Trib\u00fcne alleine ein Fassungsverm\u00f6gen f\u00fcr 3.000 Zuschauer hat. Mit dem Beginn der Saison 1978\/79 konnte der damalige Amateur-Oberligist und Altmeister H\u00fcsten [&hellip;]<\/p>\n","protected":false},"author":5,"featured_media":6759,"parent":0,"menu_order":0,"comment_status":"closed","ping_status":"closed","template":"page-onecolumn.php","meta":[],"_links":{"self":[{"href":"https:\/\/svhuesten09.de\/web\/wp-json\/wp\/v2\/pages\/6754"}],"collection":[{"href":"https:\/\/svhuesten09.de\/web\/wp-json\/wp\/v2\/pages"}],"about":[{"href":"https:\/\/svhuesten09.de\/web\/wp-json\/wp\/v2\/types\/page"}],"author":[{"embeddable":true,"href":"https:\/\/svhuesten09.de\/web\/wp-json\/wp\/v2\/users\/5"}],"replies":[{"embeddable":true,"href":"https:\/\/svhuesten09.de\/web\/wp-json\/wp\/v2\/comments?post=6754"}],"version-history":[{"count":3,"href":"https:\/\/svhuesten09.de\/web\/wp-json\/wp\/v2\/pages\/6754\/revisions"}],"predecessor-version":[{"id":9992,"href":"https:\/\/svhuesten09.de\/web\/wp-json\/wp\/v2\/pages\/6754\/revisions\/9992"}],"wp:featuredmedia":[{"embeddable":true,"href":"https:\/\/svhuesten09.de\/web\/wp-json\/wp\/v2\/media\/6759"}],"wp:attachment":[{"href":"https:\/\/svhuesten09.de\/web\/wp-json\/wp\/v2\/media?parent=6754"}],"curies":[{"name":"wp","href":"https:\/\/api.w.org\/{rel}","templated":true}]}}