{"id":7497,"date":"2015-08-10T15:17:40","date_gmt":"2015-08-10T13:17:40","guid":{"rendered":"http:\/\/svhuesten09.de\/web\/?page_id=7497"},"modified":"2015-08-10T15:18:51","modified_gmt":"2015-08-10T13:18:51","slug":"spendenticker","status":"publish","type":"page","link":"https:\/\/svhuesten09.de\/web\/spendenticker\/","title":{"rendered":"Spendenticker"},"content":{"rendered":"<p><img decoding=\"async\" border=\"0\" align=\"right\" alt=\"\" width=\"120\" src=\"http:\/\/svhuesten09.de\/web\/wp-content\/uploads\/2014\/01\/100_Jahre_09-web.png\" \/><strong>Der Parzellen-Ticker des SV H\u00fcsten 09:<\/strong><br \/>\n<a href=\"http:\/\/svhuesten09.de\/web\/kunstrasen\/\">Ich will spenden: Klick HIER!<\/a><br \/>\n<strong>10.03.2015, 19:52 Uhr:<\/strong> F. Deimann spendet f\u00fcnf 100 \u20ac-Parzellen! Herzlichen Dank!<br \/>\n<strong>10.11.2014, 09:43 Uhr:<\/strong> Gerd Rademacher und das H\u00fcstener Radteam A.L.S. spenden Parzellen im Gesamtwert von 230 \u20ac! Herzlichen Dank!<br \/>\n<strong>05.11.2014, 15:18 Uhr:<\/strong> Andreas Seidel spendet eine 50 \u20ac-Parzelle! Herzlichen Dank!<br \/>\n<strong>25.10.2014, 11:46 Uhr:<\/strong> SGV Sauerl\u00e4nder Gebirgsverein Abt. H\u00fcsten e.V. spendet zwei 50 \u20ac-Parzellen! Herzlichen Dank!<br \/>\n<strong>22.10.2014, 17:25 Uhr:<\/strong> Achim &#038; Vera Siering spenden eine 50 \u20ac-Parzelle! Herzlichen Dank!<br \/>\n<strong>19.10.2014, 14:11 Uhr:<\/strong> Joel Busan spendet eine 25 \u20ac-Parzelle! Herzlichen Dank!<br \/>\n<strong>19.10.2014, 14:10 Uhr:<\/strong> Yon\u00e9 Busan spendet eine 25 \u20ac-Parzelle! Herzlichen Dank!<br \/>\n<strong>19.10.2014, 14:09 Uhr:<\/strong> Kirsten Busan spendet eine 25 \u20ac-Parzelle! Herzlichen Dank!<br \/>\n<strong>19.10.2014, 14:08 Uhr:<\/strong> Sammy Busan spendet eine 25 \u20ac-Parzelle! Herzlichen Dank!<br \/>\n<strong>13.10.2014, 18:40 Uhr:<\/strong> Vo\u00df &#038; Eiffert spendet f\u00fcnf 150 \u20ac-Parzellen! Herzlichen Dank!<br \/>\n<strong>12.10.2014, 14:26 Uhr:<\/strong> Luis Risse spendet eine 25 \u20ac-Parzelle! Herzlichen Dank!<br \/>\n<strong>12.10.2014, 14:25 Uhr:<\/strong> Burkhard Risse spendet eine 25 \u20ac-Parzelle! Herzlichen Dank!<br \/>\n<strong>11.10.2014, 17:10 Uhr:<\/strong> KIDS H\u00fcsten spendet Parzellen im Gesamtwert von 200 \u20ac! Herzlichen Dank!<br \/>\n<strong>10.10.2014, 09:45 Uhr:<\/strong> Petra Sander spendet zwei 25 \u20ac-Parzellen! Herzlichen Dank!<br \/>\n<strong>05.10.2014, 11:21 Uhr:<\/strong> Freundschaftsclub Sonnenburg spendet f\u00fcnf 100 \u20ac-Parzellen! Herzlichen Dank!<br \/>\n<strong>30.09.2014, 17:59 Uhr:<\/strong> movecontrol by Orthop\u00e4die Schuhtechnik Landsknecht spendet f\u00fcnf 100 \u20ac-Parzellen! Herzlichen Dank!<br \/>\n<strong>30.09.2014, 17:58 Uhr:<\/strong> Jona Landsknecht spendet eine 25 \u20ac-Parzelle! Herzlichen Dank!<br \/>\n<strong>24.09.2014, 10:54 Uhr:<\/strong> Jan-Philipp Tetampel spendet eine 25 \u20ac-Parzelle! Herzlichen Dank!<br \/>\n<strong>23.09.2014, 21:32 Uhr:<\/strong> Matthias Kurzius spendet eine 150 \u20ac-Parzelle! Herzlichen Dank!<br \/>\n<strong>14.09.2014, 14:07 Uhr:<\/strong> Jonathan G\u00f6dde spendet eine 200 \u20ac-Parzelle! Herzlichen Dank!<br \/>\n<strong>14.09.2014, 14:06 Uhr:<\/strong> B\u00e4rbel G\u00f6dde spendet eine 200 \u20ac-Parzelle! Herzlichen Dank!<br \/>\n<strong>13.09.2014, 19:47 Uhr:<\/strong> David Meinsch\u00e4fer spendet eine 25 \u20ac-Parzelle! Herzlichen Dank!<br \/>\n<strong>13.09.2014, 19:46 Uhr:<\/strong> Hubert Meinsch\u00e4fer spendet eine 25 \u20ac-Parzelle! Herzlichen Dank!<br \/>\n<strong>12.09.2014, 09:58 Uhr:<\/strong> Jasmin Dabers spendet eine 25 \u20ac-Parzelle! Herzlichen Dank!<br \/>\n<strong>11.09.2014, 14:05 Uhr:<\/strong> Philipp Szeracki spendet eine 25 \u20ac-Parzelle! Herzlichen Dank!<br \/>\n<strong>05.09.2014, 16:21 Uhr:<\/strong> Fanclub &#8222;Immer Gr\u00fcn-Wei\u00df&#8220; spendet zwei 25 \u20ac-Parzellen! Herzlichen Dank!<br \/>\n<strong>03.09.2014, 18:19 Uhr:<\/strong> Valerie Arndt spendet f\u00fcnf 25 \u20ac-Parzellen! Herzlichen Dank!<br \/>\n<strong>02.09.2014, 18:10 Uhr:<\/strong> Steffi und Thomas Vogt spenden eine 200 \u20ac-Parzelle! Herzlichen Dank!<br \/>\n<strong>01.09.2014, 12:14 Uhr:<\/strong> Uwe K\u00e4thler spendet eine 100 \u20ac-Parzelle! Herzlichen Dank!<br \/>\n<strong>31.08.2014, 22:46 Uhr:<\/strong> Friedrich Esser spendet eine 100 \u20ac-Parzelle! Herzlichen Dank!<br \/>\n<strong>30.08.2014, 19:27 Uhr:<\/strong> Paul Klinkemeier spendet eine 25 \u20ac-Parzelle! Herzlichen Dank!<br \/>\n<strong>29.08.2014, 11:10 Uhr:<\/strong> J\u00f6rn Brasse spendet eine 112 \u20ac-Parzelle! Herzlichen Dank!<br \/>\n<strong>22.08.2014, 13:45 Uhr:<\/strong> Salvatore &#038; Alessio Benevento spenden eine 25 \u20ac-Parzelle! Herzlichen Dank!<br \/>\n<strong>22.08.2014, 10:47 Uhr:<\/strong> Claudia Engbrocks spendet eine 25 \u20ac-Parzelle! Herzlichen Dank!<br \/>\n<strong>21.08.2014, 18:38 Uhr:<\/strong> Anonym spendet drei 10 \u20ac-Parzellen! Herzlichen Dank!<br \/>\n<strong>20.08.2014, 17:05 Uhr:<\/strong> Claudio und Anja Pace spenden vier 25 \u20ac-Parzellen! Herzlichen Dank!<br \/>\n<strong>20.08.2014, 17:04 Uhr:<\/strong> Sandro und sein Bruder Marco Pace spenden jeweils eine 10 \u20ac-Parzelle! Herzlichen Dank!<br \/>\n<strong>19.08.2014, 18:07 Uhr:<\/strong> Fam. Detzner &#8211; RD-Werbung spendet drei 150 \u20ac-Parzellen! Herzlichen Dank!<br \/>\n<strong>19.08.2014, 13:51 Uhr:<\/strong> Katze G\u00f6dde 2 spendet eine 200 \u20ac-Parzelle! Herzlichen Dank!<br \/>\n<strong>19.08.2014, 13:50 Uhr:<\/strong> Katze G\u00f6dde 1 spendet eine 200 \u20ac-Parzelle! Herzlichen Dank!<br \/>\n<strong>19.08.2014, 13:49 Uhr:<\/strong> Benjamin G\u00f6dde spendet eine 200 \u20ac-Parzelle! Herzlichen Dank!<br \/>\n<strong>18.08.2014, 10:07 Uhr:<\/strong> Sven Kuhla spendet eine 25 \u20ac-Parzelle! Herzlichen Dank!<br \/>\n<strong>18.08.2014, 10:06 Uhr:<\/strong> Michael Kuhla spendet eine 25 \u20ac-Parzelle! Herzlichen Dank!<br \/>\n<strong>15.08.2014, 14:25 Uhr:<\/strong> Diego Fernandez Johnen spendet zwei 25 \u20ac-Parzellen! Herzlichen Dank!<br \/>\n<strong>14.08.2014, 18:31 Uhr:<\/strong> Michael R\u00f6sner spendet eine 25 \u20ac-Parzelle! Herzlichen Dank!<br \/>\n<strong>08.08.2014, 16:25 Uhr:<\/strong> Jan Stecken spendet drei 25 \u20ac-Parzellen! Herzlichen Dank!<br \/>\n<strong>07.08.2014, 12:27 Uhr:<\/strong> T\u00fcrkiyemspor Neheim-H\u00fcsten spendet Parzellen im Gesamtwert von 120 \u20ac! Herzlichen Dank!<br \/>\n<strong>06.08.2014, 15:16 Uhr:<\/strong> Familie Krengel spendet eine 50 \u20ac-Parzelle! Herzlichen Dank!<br \/>\n<strong>06.08.2014, 09:22 Uhr:<\/strong> Markus W\u00fcrfel spendet f\u00fcnf 25 \u20ac-Parzellen! Herzlichen Dank!<br \/>\n<strong>05.08.2014, 19:09 Uhr:<\/strong> Bernhard Schenk spendet eine 25 \u20ac-Parzelle! Herzlichen Dank!<br \/>\n<strong>04.08.2014, 17:37 Uhr:<\/strong> Theo und J\u00f6rg Lingenh\u00f6fer spenden zwei 25 \u20ac-Parzellen! Herzlichen Dank!<br \/>\n<strong>04.08.2014, 14:31 Uhr:<\/strong> Friedel Stecken spendet zwei 25 \u20ac-Parzellen! Herzlichen Dank!<br \/>\n<strong>03.08.2014, 16:13 Uhr:<\/strong> Werner Fischer spendet eine 25 \u20ac-Parzelle! Herzlichen Dank!<br \/>\n<strong>28.07.2014, 12:07 Uhr:<\/strong> B\u00e4rbel und G\u00fcnter Go\u00dfler spenden zwei 25 \u20ac-Parzellen! Herzlichen Dank!<br \/>\n<strong>28.07.2014, 12:06 Uhr:<\/strong> Katharina Go\u00dfler spendet eine 25 \u20ac-Parzelle! Herzlichen Dank!<br \/>\n<strong>28.07.2014, 12:05 Uhr:<\/strong> Christoph Go\u00dfler spendet eine 25 \u20ac-Parzelle! Herzlichen Dank!<br \/>\n<strong>28.07.2014, 10:14 Uhr:<\/strong> Rainer, Susi, Max und Lisa M\u00fcller spenden f\u00fcnf 100 \u20ac-Parzellen! Herzlichen Dank!<br \/>\n<strong>27.07.2014, 13:45 Uhr:<\/strong> Walter Rohe spendet Parzellen im Gesamtwert von 500 \u20ac! Herzlichen Dank!<br \/>\n<strong>26.07.2014, 19:01 Uhr:<\/strong> Stefan K\u00f6hler und Simone Esser spenden zwei 50 \u20ac-Parzellen! Herzlichen Dank!<br \/>\n<strong>26.07.2014, 17:29 Uhr:<\/strong> Der M\u00e4nnerchor Liederkranz H\u00fcsten spendet vier 25 \u20ac-Parzellen! Herzlichen Dank!<br \/>\n<strong>18.07.2014, 13:51 Uhr:<\/strong> Familie \u00d6zbek und Familie Kahraman spendet Parzellen im Gesamtwert von 520 \u20ac! Herzlichen Dank!<br \/>\n<strong>18.07.2014, 13:44 Uhr:<\/strong> Radteam A.L.S. spendet f\u00fcnf 50 \u20ac-Parzellen! Herzlichen Dank!<br \/>\n<strong>17.07.2014, 15:56 Uhr:<\/strong> Werner H\u00f6lter spendet zwei 112 \u20ac-Parzellen! Herzlichen Dank!<br \/>\n<strong>16.07.2014, 19:09 Uhr:<\/strong> Marian H\u00f6lter spendet eine 10 \u20ac-Parzelle! Herzlichen Dank!<br \/>\n<strong>15.07.2014, 20:32 Uhr:<\/strong> Andrea und Christoph Dahlmann spenden f\u00fcnf 100 \u20ac-Parzellen! Herzlichen Dank!<br \/>\n<strong>15.07.2014, 13:40 Uhr:<\/strong> Laserdruck Nolte spendet f\u00fcnf 100 \u20ac-Parzellen! Herzlichen Dank!<br \/>\n<strong>15.07.2014, 08:09 Uhr:<\/strong> Erich Sander spendet zwei 25 \u20ac-Parzellen! Herzlichen Dank!<br \/>\n<strong>14.07.2014, 15:30 Uhr:<\/strong> Stolles WM-Studio spendet zwei 25 \u20ac-Parzellen und eine 10 \u20ac-Parzelle! Herzlichen Dank!<br \/>\n<strong>14.07.2014, 07:56 Uhr:<\/strong> Klaus K\u00e4uffer spendet eine 150 \u20ac-Parzelle und zwei 50 \u20ac-Parzellen! Herzlichen Dank!<br \/>\n<strong>13.07.2014, 20:04 Uhr:<\/strong> Benjamin Menke spendet drei 25 \u20ac-Parzellen! Herzlichen Dank!<br \/>\n<strong>13.07.2014, 10:25 Uhr:<\/strong> Ute Knappstein spendet eine 50 \u20ac-Parzelle! Herzlichen Dank!<br \/>\n<strong>12.07.2014, 14:18 Uhr:<\/strong> Fritz Kramer spendet eine 50 \u20ac-Parzelle! Herzlichen Dank!<br \/>\n<strong>12.07.2014, 14:18 Uhr:<\/strong> Astrid Vo\u00df spendet eine 100 \u20ac-Parzelle! Herzlichen Dank!<br \/>\n<strong>12.07.2014, 14:17 Uhr:<\/strong> Bernd Vo\u00df spendet eine 100 \u20ac-Parzelle! Herzlichen Dank!<br \/>\n<strong>12.07.2014, 11:01 Uhr:<\/strong> Michael Mosters spendet eine 200 \u20ac-Parzelle! Herzlichen Dank!<br \/>\n<strong>11.07.2014, 17:46 Uhr:<\/strong> Gastst\u00e4tte Zur Kupferkanne spendet vier 25 \u20ac-Parzellen und zwei 10 \u20ac-Parzellen! Herzlichen Dank!<br \/>\n<strong>11.07.2014, 09:32 Uhr:<\/strong> Fa. I b u S Peter u. Jens Engbrocks spendet f\u00fcnf 10 \u20ac-Parzellen! Herzlichen Dank!<br \/>\n<strong>10.07.2014, 22:56 Uhr:<\/strong> Andr\u00e9 Grebe spendet vier 10 \u20ac-Parzellen! Herzlichen Dank!<br \/>\n<strong>09.07.2014, 12:07 Uhr:<\/strong> Familie Trebing spendet vier 25 \u20ac-Parzellen! Herzlichen Dank!<br \/>\n<strong>08.07.2014, 10:35 Uhr:<\/strong> Michael Denz spendet eine 50 \u20ac- und eine 25 \u20ac-Parzelle! Herzlichen Dank!<br \/>\n<strong>07.07.2014, 17:44 Uhr:<\/strong> Dirk Degner spendet vier 10 \u20ac-Parzellen! Herzlichen Dank!<br \/>\n<strong>05.07.2014, 15:00 Uhr:<\/strong> Team Wandress spendet acht 50 \u20ac-Parzellen! Herzlichen Dank!<br \/>\n<strong>05.07.2014, 13:57 Uhr:<\/strong> Oliver Ruhnert spendet eine 200 \u20ac-Parzelle! Herzlichen Dank!<br \/>\n<strong>04.07.2014, 20:37 Uhr:<\/strong> Katrin W\u00fcrfel spendet sieben 10 \u20ac-Parzellen! Herzlichen Dank!<br \/>\n<strong>03.07.2014, 11:51 Uhr:<\/strong> Ulrich Peters spendet drei 25 \u20ac-Parzellen! Herzlichen Dank!<br \/>\n<strong>02.07.2014, 16:24 Uhr:<\/strong> Michael Weber spendet eine 10 \u20ac-Parzelle! Herzlichen Dank!<br \/>\n<strong>02.07.2014, 16:23 Uhr:<\/strong> Andreas Feige spendet eine 10 \u20ac-Parzelle! Herzlichen Dank!<br \/>\n<strong>02.07.2014, 16:22 Uhr:<\/strong> Denis Jeche spendet eine 10 \u20ac-Parzelle! Herzlichen Dank!<br \/>\n<strong>01.07.2014, 21:17 Uhr:<\/strong> Sch\u00fctzenbruderschaft H\u00fcsten spendet vier 50 \u20ac-Parzellen und drei 10 \u20ac-Parzellen! Herzlichen Dank!<br \/>\n<strong>01.07.2014, 18:02 Uhr:<\/strong> Eldin Agovic spendet eine 25 \u20ac-Parzelle! Herzlichen Dank!<br \/>\n<strong>01.07.2014, 18:02 Uhr:<\/strong> Nedim Agovic spendet eine 25 \u20ac-Parzelle! Herzlichen Dank!<br \/>\n<strong>01.07.2014, 18:01 Uhr:<\/strong> Rustem Agovic spendet eine 25 \u20ac-Parzelle! Herzlichen Dank!<br \/>\n<strong>01.07.2014, 16:36 Uhr:<\/strong> David Pruski spendet zehn 10 \u20ac-Parzellen! Herzlichen Dank!<br \/>\n<strong>01.07.2014, 14:19 Uhr:<\/strong> Bernd &#038; Simone Mikolajczak spenden zwei 50 \u20ac-Parzellen! Herzlichen Dank!<br \/>\n<strong>01.07.2014, 13:06 Uhr:<\/strong> Elena Hamm spendet f\u00fcnf 10 \u20ac-Parzellen! Herzlichen Dank!<br \/>\n<strong>01.07.2014, 11:48 Uhr:<\/strong> Nick, Leo, Jannis, Florian, Alex und Jannik spenden drei 10 \u20ac-Parzellen! Herzlichen Dank!<br \/>\n<strong>01.07.2014, 11:14 Uhr:<\/strong> Kirsten K\u00f6hler spendet f\u00fcnf 25 \u20ac-Parzellen! Herzlichen Dank!<br \/>\n<strong>01.07.2014, 11:11 Uhr:<\/strong> Thomas K\u00f6hler spendet sechs 25 \u20ac-Parzellen! Herzlichen Dank!<br \/>\n<strong>01.07.2014, 09:54 Uhr:<\/strong> Manfred D\u00fcnnebacke spendet eine 200 \u20ac-Parzelle! Herzlichen Dank!<br \/>\n<strong>01.07.2014, 09:03 Uhr:<\/strong> Rainer Arndt spendet zwei 100 \u20ac-Parzellen und eine 50 \u20ac-Parzelle! Herzlichen Dank!<br \/>\n<strong>30.06.2014, 22:30 Uhr:<\/strong> Wilma Arndt spendet sechs 10 \u20ac-Parzellen! Herzlichen Dank!<br \/>\n<strong>29.06.2014, 14:45 Uhr:<\/strong> Moritz Schwingenheuer spendet zehn 25 \u20ac-Parzellen! Herzlichen Dank!<br \/>\n<strong>28.06.2014, 12:33 Uhr:<\/strong> Fam. Detzner &#8211; RD-Werbung spendet den Mittelpunkt und damit die 1000 \u20ac-Parzelle! Herzlichen Dank!<br \/>\n<strong>27.06.2014, 18:44 Uhr:<\/strong> Eddi Fischer spendet zwei 25 \u20ac-Parzellen! Herzlichen Dank!<br \/>\n<strong>27.06.2014, 14:03 Uhr:<\/strong> Familie Holger Kless spendet vier 25 \u20ac-Parzellen! Herzlichen Dank!<br \/>\n<strong>26.06.2014, 19:50 Uhr:<\/strong> Marco Malachowski spendet acht 10 \u20ac-Parzellen! Herzlichen Dank!<br \/>\n<strong>26.06.2014, 11:25 Uhr:<\/strong> Kubilay und sein Bruder Ilkay \u00d6zcelep spenden ingesamt zwei 10 \u20ac-Parzellen! Herzlichen Dank!<br \/>\n<strong>25.06.2014, 15:38 Uhr:<\/strong> Kai Westerhoff spendet zwei 10 \u20ac-Parzellen! Herzlichen Dank!<br \/>\n<strong>25.06.2014, 07:10 Uhr:<\/strong> J\u00f6rg Arens spendet eine 112 \u20ac-Parzelle! Herzlichen Dank!<br \/>\n<strong>24.06.2014, 21:09 Uhr:<\/strong> Kegelclub Kellerkinder spendet vier 25 \u20ac-Parzellen und f\u00fcnf 10 \u20ac-Parzellen! Herzlichen Dank!<br \/>\n<strong>24.06.2014, 21:09 Uhr:<\/strong> Dieter Mikolajczak spendet eine 10 \u20ac-Parzelle! Herzlichen Dank!<br \/>\n<strong>24.06.2014, 21:08 Uhr:<\/strong> Alma und Jochen Grebe spenden drei 50 \u20ac-Parzellen! Herzlichen Dank!<br \/>\n<strong>24.06.2014, 21:08 Uhr:<\/strong> Maximilian und Niklas H\u00fcster spenden jeweils eine 25 \u20ac-Parzelle! Herzlichen Dank!<br \/>\n<strong>24.06.2014, 21:07 Uhr:<\/strong> Familie Torsten Garbe spendet eine 250 \u20ac-Parzelle! Herzlichen Dank!<br \/>\n<strong>24.06.2014, 21:07 Uhr:<\/strong> Daniel Dembinski spendet eine 10 \u20ac-Parzelle! Herzlichen Dank!<br \/>\n<strong>24.06.2014, 16:50 Uhr:<\/strong> Lars und sein Bruder Lionel Schulte spenden jeweils zwei 10 \u20ac-Parzellen! Herzlichen Dank!<br \/>\n<strong>24.06.2014, 16:50 Uhr:<\/strong> Rico Schulte spendet eine 150 \u20ac-Parzelle! Herzlichen Dank!<br \/>\n<strong>24.06.2014, 16:49 Uhr:<\/strong> Marion &#038; Uwe Schulte spenden Parzellen im Gesamtwert von 500 \u20ac! Herzlichen Dank!<br \/>\n<strong>18.06.2014, 20:04 Uhr:<\/strong> Familie Dellmann spendet zwei 100 \u20ac-Parzellen! Herzlichen Dank!<br \/>\n<strong>18.06.2014, 20:03 Uhr:<\/strong> H.-J. Junker spendet eine 50 \u20ac-Parzelle! Herzlichen Dank!<br \/>\n<strong>17.06.2014, 07:01 Uhr:<\/strong> Nils Klauke spendet eine 10 \u20ac-Parzelle! Herzlichen Dank!<br \/>\n<strong>17.06.2014, 07:00 Uhr:<\/strong> Lisann Klauke spendet eine 10 \u20ac-Parzelle! Herzlichen Dank!<br \/>\n<strong>17.06.2014, 06:34 Uhr:<\/strong> Marcus und Tanja Kinkel spenden vier 25 \u20ac-Parzellen! Herzlichen Dank!<br \/>\n<strong>16.06.2014, 18:23 Uhr:<\/strong> Oliver Schmid spendet eine 50 \u20ac-Parzelle! Herzlichen Dank!<br \/>\n<strong>16.06.2014, 18:14 Uhr:<\/strong> Klaus, Sabine, Merlin und Marlon Zweimann spenden insgesamt sechs 10 \u20ac-Parzellen! Herzlichen Dank!<br \/>\n<strong>16.06.2014, 18:04 Uhr:<\/strong> Manuel Pott spendet sechs 10 \u20ac-Parzellen! Herzlichen Dank!<br \/>\n<strong>16.06.2014, 17:28 Uhr:<\/strong> Ulrike Teuthorn spendet eine 100 \u20ac-Parzelle! Herzlichen Dank!<br \/>\n<strong>16.06.2014, 17:27 Uhr:<\/strong> Nick Teuthorn spendet eine 100 \u20ac-Parzelle! Herzlichen Dank!<br \/>\n<strong>16.06.2014, 17:20 Uhr:<\/strong> Nadarajah Nanthakumar spendet zwei 10 \u20ac-Parzellen! Herzlichen Dank!<br \/>\n<strong>16.06.2014, 17:09 Uhr:<\/strong> Die A f D, Alternative f\u00fcr Deutschland, spendet eine 100 \u20ac-Parzelle! Herzlichen Dank!<br \/>\n<strong>16.06.2014, 16:51 Uhr:<\/strong> Laura Hieronymus spendet eine 50 \u20ac-Parzelle! Herzlichen Dank!<br \/>\n<strong>16.06.2014, 16:12 Uhr:<\/strong> Peter Engbrocks spendet eine 100 \u20ac-Parzelle! Herzlichen Dank!<br \/>\n<strong>16.06.2014, 15:37 Uhr:<\/strong> Gisbert D\u00fcnschede spendet eine 50 \u20ac-Parzelle! Herzlichen Dank!<br \/>\n<strong>16.06.2014, 14:22 Uhr:<\/strong> Dr. Clemens Menke spendet f\u00fcnf 100 \u20ac-Parzellen und somit insgesamt 500 \u20ac! Herzlichen Dank!<br \/>\n<strong>16.06.2014, 13:41 Uhr:<\/strong> Dr. Paulus Decker spendet f\u00fcnf 50 \u20ac-Parzellen! Herzlichen Dank!<br \/>\n<strong>16.06.2014, 11:58 Uhr:<\/strong> Dr. Zucha spendet eine 100 \u20ac-Parzelle! Herzlichen Dank!<br \/>\n<strong>16.06.2014, 11:35 Uhr:<\/strong> Stefan Jochheim spendet eine 150 \u20ac-Parzelle! Herzlichen Dank!<br \/>\n<strong>16.06.2014, 10:47 Uhr:<\/strong> Matthias D\u00fcnnebacke spendet eine 100 \u20ac-Parzelle! Herzlichen Dank!<br \/>\n<strong>16.06.2014, 09:08 Uhr:<\/strong> Wolfgang Wilmes spendet vier 25 \u20ac-Parzellen! Herzlichen Dank!<br \/>\n<strong>16.06.2014, 09:00 Uhr:<\/strong> Manfred Kretzer spendet eine 100 \u20ac-Parzelle! Herzlichen Dank!<br \/>\n<strong>16.06.2014, 08:55 Uhr:<\/strong> Klaus Becker-Jostes spendet eine 150 \u20ac-Parzelle! Herzlichen Dank!<br \/>\n<strong>16.06.2014, 07:30 Uhr:<\/strong> Christian M\u00fcller spendet eine 100 \u20ac-Parzelle! Herzlichen Dank!<br \/>\n<strong>15.06.2014, 16:21 Uhr:<\/strong> Dominique Sommer spendet eine 50 \u20ac-Parzelle! Herzlichen Dank!<br \/>\n<strong>15.06.2014, 16:01 Uhr:<\/strong> G\u00fcnter Finke spendet zwei 10 \u20ac-Parzellen! Herzlichen Dank!<br \/>\n<strong>15.06.2014, 15:16 Uhr:<\/strong> Klaus Tebbe spendet eine 50 \u20ac-Parzelle! Herzlichen Dank!<br \/>\n<strong>15.06.2014, 14:34 Uhr:<\/strong> Jan-Marc Sch\u00e4fer spendet vier 50 \u20ac- und drei 10 \u20ac-Parzellen und somit insgesamt 230 \u20ac! Herzlichen Dank!<br \/>\n<strong>15.06.2014, 12:09 Uhr:<\/strong> Bernd Rahmann spendet eine 50 \u20ac-Parzelle! Herzlichen Dank!<br \/>\n<strong>15.06.2014, 11:18 Uhr:<\/strong> Die U15 des SV H\u00fcsten 09 der Saison 2013|14 spendet eine 50 \u20ac- und eine 25 \u20ac-Parzelle! Herzlichen Dank!<br \/>\n<strong>15.06.2014, 09:46 Uhr:<\/strong> Bernhard Weber spendet eine 200 \u20ac-Parzelle! Herzlichen Dank!<br \/>\n<strong>14.06.2014, 18:25 Uhr:<\/strong> Felix Gebhardt spendet drei 100 \u20ac-Parzellen! Herzlichen Dank!<br \/>\n<strong>14.06.2014, 16:39 Uhr:<\/strong> Familie Georg Peters spendet eine 250 \u20ac-Parzelle! Herzlichen Dank!<br \/>\n<strong>14.06.2014, 12:20 Uhr:<\/strong> Thomas Klauke spendet eine 100 \u20ac-Parzelle! Herzlichen Dank!<br \/>\n<strong>14.06.2014, 09:34 Uhr:<\/strong> Familie Martin Sturzenhecker spendet f\u00fcnf 50 \u20ac-Parzellen! Herzlichen Dank!<br \/>\n<strong>14.06.2014, 09:33 Uhr:<\/strong> Familie Mario Fuchs spendet f\u00fcnf 50 \u20ac-Parzellen! Herzlichen Dank!<br \/>\n<strong>14.06.2014, 09:12 Uhr:<\/strong> Fabian Fischer spendet eine 50 \u20ac-Parzelle! Herzlichen Dank!<br \/>\n<strong>14.06.2014, 08:41 Uhr:<\/strong> Dirk Rennebaum spendet zwei 10 \u20ac-Parzelle! Herzlichen Dank!<br \/>\n<strong>14.06.2014, 08:03 Uhr:<\/strong> Familie Thomas Malachowski spendet eine 250 \u20ac-Parzelle! Herzlichen Dank!<br \/>\n<strong>13.06.2014, 15:32 Uhr:<\/strong> Familie Marco Grebe spendet beide Elfmeter-Parzellen und damit 1.000 Euro! Herzlichen Dank!<br \/>\n<strong>11.06.2014, 10:08 Uhr:<\/strong> Nick Fischer spendet eine 10 \u20ac-Parzelle! Herzlichen Dank!<br \/>\n<strong>11.06.2014, 08:22 Uhr:<\/strong> Markus K\u00e4uffer spendet eine 100 \u20ac-Parzelle! Herzlichen Dank!<br \/>\n<strong>10.06.2014, 22:56 Uhr:<\/strong> Familie Limberg spendet eine 150 \u20ac-Parzelle! Herzlichen Dank!<br \/>\n<strong>10.06.2014, 18:41 Uhr:<\/strong> J\u00fcrgen Risse spendet eine 50 \u20ac-Parzelle! Herzlichen Dank!<br \/>\n<strong>09.06.2014, 15:05 Uhr:<\/strong> Dieter V\u00f6lker spendet drei 50 \u20ac-Parzellen! Herzlichen Dank!<br \/>\n<strong>08.06.2014, 11:58 Uhr:<\/strong> Stefan Coels spendet drei 25 \u20ac-Parzellen! Herzlichen Dank!<br \/>\n<strong>07.06.2014, 08:10 Uhr:<\/strong> Michael Millentrup spendet eine 200 \u20ac-Parzelle! Herzlichen Dank!<br \/>\n<strong>07.06.2014, 07:31 Uhr:<\/strong> Daniel Wilmes spendet eine 250 \u20ac-Parzelle! Herzlichen Dank!<br \/>\n<strong>06.06.2014, 19:20 Uhr:<\/strong> Jannis Helfmeier spendet eine 10 \u20ac-Parzelle! Herzlichen Dank!<br \/>\n<strong>06.06.2014, 14:20 Uhr:<\/strong> Manuel Becker-Jostes und sein Bruder Sebastian Becker-Jostes spenden jeweils eine 25 \u20ac-Parzelle! Herzlichen Dank!<br \/>\n<strong>05.06.2014, 13:28 Uhr:<\/strong> Stefan Helfmeier spendet eine 200 \u20ac-Parzelle! Herzlichen Dank!<br \/>\n<strong>05.06.2014, 09:32 Uhr:<\/strong> Udo Westermann spendet drei 100 \u20ac-Parzellen! Herzlichen Dank!<br \/>\n<strong>04.06.2014, 20:41 Uhr:<\/strong> Johann L\u00fcbben spendet eine 100 \u20ac-Parzelle! Herzlichen Dank!<br \/>\n<strong>04.06.2014, 17:37 Uhr:<\/strong> Familie Andreas Arndt spendet eine 150 \u20ac-Parzelle! Herzlichen Dank!<br \/>\n<strong>02.06.2014, 15:15 Uhr:<\/strong> Tobias Johnke spendet eine 200 \u20ac-Parzelle! Herzlichen Dank!<\/p>\n","protected":false},"excerpt":{"rendered":"<p>Der Parzellen-Ticker des SV H\u00fcsten 09: Ich will spenden: Klick HIER! 10.03.2015, 19:52 Uhr: F. Deimann spendet f\u00fcnf 100 \u20ac-Parzellen! Herzlichen Dank! 10.11.2014, 09:43 Uhr: Gerd Rademacher und das H\u00fcstener Radteam A.L.S. spenden Parzellen im Gesamtwert von 230 \u20ac! Herzlichen Dank! 05.11.2014, 15:18 Uhr: Andreas Seidel spendet eine 50 \u20ac-Parzelle! Herzlichen Dank! 25.10.2014, 11:46 Uhr: [&hellip;]<\/p>\n","protected":false},"author":5,"featured_media":0,"parent":0,"menu_order":0,"comment_status":"closed","ping_status":"closed","template":"","meta":[],"_links":{"self":[{"href":"https:\/\/svhuesten09.de\/web\/wp-json\/wp\/v2\/pages\/7497"}],"collection":[{"href":"https:\/\/svhuesten09.de\/web\/wp-json\/wp\/v2\/pages"}],"about":[{"href":"https:\/\/svhuesten09.de\/web\/wp-json\/wp\/v2\/types\/page"}],"author":[{"embeddable":true,"href":"https:\/\/svhuesten09.de\/web\/wp-json\/wp\/v2\/users\/5"}],"replies":[{"embeddable":true,"href":"https:\/\/svhuesten09.de\/web\/wp-json\/wp\/v2\/comments?post=7497"}],"version-history":[{"count":3,"href":"https:\/\/svhuesten09.de\/web\/wp-json\/wp\/v2\/pages\/7497\/revisions"}],"predecessor-version":[{"id":7500,"href":"https:\/\/svhuesten09.de\/web\/wp-json\/wp\/v2\/pages\/7497\/revisions\/7500"}],"wp:attachment":[{"href":"https:\/\/svhuesten09.de\/web\/wp-json\/wp\/v2\/media?parent=7497"}],"curies":[{"name":"wp","href":"https:\/\/api.w.org\/{rel}","templated":true}]}}