{"id":9987,"date":"2017-07-10T10:01:30","date_gmt":"2017-07-10T08:01:30","guid":{"rendered":"http:\/\/svhuesten09.de\/web\/?page_id=9987"},"modified":"2017-07-10T10:06:26","modified_gmt":"2017-07-10T08:06:26","slug":"360-grad-aufnahme-des-stadions-grosse-wiese","status":"publish","type":"page","link":"https:\/\/svhuesten09.de\/web\/360-grad-aufnahme-des-stadions-grosse-wiese\/","title":{"rendered":"360\u00b0-Aufnahme des Stadions Gro\u00dfe Wiese"},"content":{"rendered":"<p>Die Heimat des SV H\u00fcsten 09 ist das Stadion Gro\u00dfe Wiese. Mit Hilfe einer Drohne wurde eine\u00a0360\u00b0-Aufnahme\u00a0des\u00a0gr\u00f6\u00dften Stadions\u00a0im\u00a0Hochsauerland gemacht.\u00a0Schauen Sie sich gerne um!<\/p>\n<p><iframe loading=\"lazy\" style=\"border: 0;\" src=\"https:\/\/www.google.com\/maps\/embed?pb=!1m0!4v1499673533094!6m8!1m7!1sF%3A-PI19ciYLsl0%2FWWIIA0vCFDI%2FAAAAAAAAef0%2Fl7py9zct1TM4o3Y_DxrwdukOdpu_xOu0QCJkCGAYYCw!2m2!1d51.43015191089339!2d8.007806377424556!3f62.53!4f-26.380000000000003!5f0.7820865974627469\" width=\"950\" height=\"600\" frameborder=\"0\" allowfullscreen=\"allowfullscreen\"><\/iframe><\/p>\n","protected":false},"excerpt":{"rendered":"<p>Die Heimat des SV H\u00fcsten 09 ist das Stadion Gro\u00dfe Wiese. Mit Hilfe einer Drohne wurde eine\u00a0360\u00b0-Aufnahme\u00a0des\u00a0gr\u00f6\u00dften Stadions\u00a0im\u00a0Hochsauerland gemacht.\u00a0Schauen Sie sich gerne um!<\/p>\n","protected":false},"author":5,"featured_media":0,"parent":0,"menu_order":0,"comment_status":"closed","ping_status":"closed","template":"page-onecolumn.php","meta":[],"_links":{"self":[{"href":"https:\/\/svhuesten09.de\/web\/wp-json\/wp\/v2\/pages\/9987"}],"collection":[{"href":"https:\/\/svhuesten09.de\/web\/wp-json\/wp\/v2\/pages"}],"about":[{"href":"https:\/\/svhuesten09.de\/web\/wp-json\/wp\/v2\/types\/page"}],"author":[{"embeddable":true,"href":"https:\/\/svhuesten09.de\/web\/wp-json\/wp\/v2\/users\/5"}],"replies":[{"embeddable":true,"href":"https:\/\/svhuesten09.de\/web\/wp-json\/wp\/v2\/comments?post=9987"}],"version-history":[{"count":4,"href":"https:\/\/svhuesten09.de\/web\/wp-json\/wp\/v2\/pages\/9987\/revisions"}],"predecessor-version":[{"id":9993,"href":"https:\/\/svhuesten09.de\/web\/wp-json\/wp\/v2\/pages\/9987\/revisions\/9993"}],"wp:attachment":[{"href":"https:\/\/svhuesten09.de\/web\/wp-json\/wp\/v2\/media?parent=9987"}],"curies":[{"name":"wp","href":"https:\/\/api.w.org\/{rel}","templated":true}]}}